{"id":2371,"date":"2023-03-16T21:38:52","date_gmt":"2023-03-16T21:38:52","guid":{"rendered":"https:\/\/somosdaniysofi.com\/index.php\/about-copy\/"},"modified":"2024-11-09T19:17:23","modified_gmt":"2024-11-09T19:17:23","slug":"contacto","status":"publish","type":"page","link":"https:\/\/somosdaniysofi.com\/index.php\/contacto\/","title":{"rendered":"Contacto"},"content":{"rendered":"\n<div class=\"wp-block-uagb-container uagb-block-659489f9 alignfull uagb-is-root-container\"><div class=\"uagb-container-inner-blocks-wrap\">\n<div class=\"wp-block-uagb-advanced-heading uagb-block-b2f99ebb\"><h1 class=\"uagb-heading-text\">CONTACTO<\/h1><\/div>\n<\/div><\/div>\n\n\n\n<div style=\"height:63px\" aria-hidden=\"true\" class=\"wp-block-spacer\"><\/div>\n\n\n\n<div class=\"wp-block-uagb-container uagb-block-da6acceb alignfull uagb-is-root-container\"><div class=\"uagb-container-inner-blocks-wrap\">\n<div class=\"wp-block-columns is-layout-flex wp-container-core-columns-is-layout-28f84493 wp-block-columns-is-layout-flex\">\n<div class=\"wp-block-column is-layout-flow wp-block-column-is-layout-flow\" style=\"flex-basis:33.33%\">\n<div class=\"wp-block-uagb-advanced-heading uagb-block-ec498163\"><p class=\"uagb-heading-text\"><br>\u00a1Hola! Somos Dani y Sofi. \ud83d\udc4b\ud83c\udffb <br><br>No dudes en contactarnos para cualquier pregunta o duda que haya quedado en el aire sobre nuestros servicios. <br><br>Puedes hacerlo a trav\u00e9s de nuestro formulario, correo electr\u00f3nico (<a href=\"mailto:somosdaniysofi@gmail.com\">somosdaniysofi@gmail.com<\/a>), o escribirnos directamente a nuestro <a href=\"https:\/\/www.instagram.com\/somosdaniysofi\/\">Instagram<\/a>.<br>Nosotros estaremos encantados de poder resolver tus dudas y asegurarnos de que tengas la mejor experiencia posible al trabajar con nosotros.<br><br>Trabajamos en Madrid, pero si por alguna raz\u00f3n necesit\u00e1ramos desplazarnos, no tenemos ning\u00fan problema. Lo hablar\u00edamos contigo de manera transparente y siempre en b\u00fasqueda de la mejor soluci\u00f3n para ti. Queremos que te sientas en confianza y sepas que estamos comprometidos en ofrecerte un servicio de calidad en todo momento.<br> <br>Si est\u00e1s buscando un servicio de fotograf\u00eda o v\u00eddeo de calidad y personalizado, has llegado al lugar indicado. Estamos aqu\u00ed para ayudarte en todo lo que necesites.<br><br>\u00a1Hablamos pronto!<br><\/p><\/div>\n<\/div>\n\n\n\n<div class=\"wp-block-column is-layout-flow wp-block-column-is-layout-flow\" style=\"flex-basis:66.66%\">\n<div class=\"wp-block-uagb-forms uagb-forms__outer-wrap uagb-block-f0ec2563 uagb-forms__medium-btn\"><form class=\"uagb-forms-main-form\" method=\"post\" autocomplete=\"on\" name=\"uagb-form-f0ec2563\">\n<div class=\"wp-block-uagb-forms-name uagb-forms-name-wrap uagb-forms-field-set uagb-block-4ed54cc6\"><div class=\"uagb-forms-name-label required uagb-forms-input-label\" id=\"4ed54cc6\">Nombre<\/div><input type=\"text\" placeholder=\"Nombre\" required class=\"uagb-forms-name-input uagb-forms-input\" name=\"4ed54cc6\" autocomplete=\"given-name\"\/><\/div>\n\n\n\n<div class=\"wp-block-uagb-forms-name uagb-forms-name-wrap uagb-forms-field-set uagb-block-8e07f172\"><div class=\"uagb-forms-name-label required uagb-forms-input-label\" id=\"8e07f172\">Apellidos<\/div><input type=\"text\" placeholder=\"Apellidos\" required class=\"uagb-forms-name-input uagb-forms-input\" name=\"8e07f172\" autocomplete=\"family-name\"\/><\/div>\n\n\n\n<div class=\"wp-block-uagb-forms-email uagb-forms-email-wrap uagb-forms-field-set uagb-block-e449a080\"><div class=\"uagb-forms-email-label  uagb-forms-input-label\" id=\"e449a080\">Correo electr\u00f3nico<\/div><input type=\"email\" class=\"uagb-forms-email-input uagb-forms-input\" placeholder=\"ejemplo@correo.es\" name=\"e449a080\" autocomplete=\"email\"\/><\/div>\n\n\n\n<div class=\"wp-block-uagb-forms-select uagb-forms-select-wrap uagb-forms-field-set uagb-block-028e9186\"><div class=\"uagb-forms-select-label required uagb-forms-input-label\" id=\"028e9186\">Servicio<\/div><select class=\"uagb-forms-select-box uagb-forms-input\" required name=\"028e9186\"><option value=\"\" disabled selected>Selecciona tu opci\u00f3n<\/option><option value=\"Boda\">Boda<\/option><option value=\"Bautizo\">Bautizo<\/option><option value=\"Premam\u00e1\">Premam\u00e1<\/option><option value=\"Reci\u00e9n nacido\">Reci\u00e9n nacido<\/option><option value=\"Infantil\">Infantil<\/option><option value=\"Pareja\">Pareja<\/option><option value=\"Familiar\">Familiar<\/option><option value=\"Navidad\">Navidad<\/option><option value=\"Otro Evento\">Otro Evento<\/option><\/select><\/div>\n\n\n\n<div class=\"wp-block-uagb-forms-textarea uagb-forms-textarea-wrap uagb-forms-field-set uagb-block-72c3ba6a\"><div class=\"uagb-forms-textarea-label required uagb-forms-input-label\" id=\"72c3ba6a\">Mensaje<\/div><textarea required class=\"uagb-forms-textarea-input uagb-forms-input\" rows=\"4\" placeholder=\"Introduce tu mensaje\" name=\"72c3ba6a\" autocomplete=\"off\"><\/textarea><\/div>\n<div class=\"uagb-forms-form-hidden-data\"><input type=\"hidden\" class=\"uagb_forms_form_label\" value=\"Formulario Spectra\"\/><input type=\"hidden\" class=\"uagb_forms_form_id\" value=\"uagb-form-f0ec2563\"\/><\/div><div class=\"uagb-form-reacaptcha-error-f0ec2563\"><\/div><div class=\"uagb-forms-main-submit-button-wrap wp-block-button\"><button class=\"uagb-forms-main-submit-button wp-block-button__link\"><div class=\"uagb-forms-main-submit-button-text\">Enviar<\/div><\/button><\/div><\/form><div class=\"uagb-forms-success-message-f0ec2563 uagb-forms-submit-message-hide\"><span>El formulario se ha enviado correctamente. Recibir\u00e1s una respuesta lo antes posible.\n\n\u00a1Gracias por confiar en nosotros! \ud83d\ude0a<\/span><\/div><div class=\"uagb-forms-failed-message-f0ec2563 uagb-forms-submit-message-hide\"><span>\u26a0\ufe0f Parece que algunos campos no se han completado correctamente. Por favor, revisa el formulario y aseg\u00farate de que todos los campos obligatorios est\u00e1n completos antes de enviarlo de nuevo.<\/span><\/div><\/div>\n<\/div>\n<\/div>\n<\/div><\/div>\n\n\n\n<div style=\"height:100px\" aria-hidden=\"true\" class=\"wp-block-spacer\"><\/div>\n","protected":false},"excerpt":{"rendered":"<p>CONTACTO \u00a1Hola! Somos Dani y Sofi. \ud83d\udc4b\ud83c\udffb No dudes en contactarnos para cualquier pregunta o duda que haya quedado en el aire sobre nuestros servicios. Puedes hacerlo a trav\u00e9s de nuestro formulario, correo electr\u00f3nico (somosdaniysofi@gmail.com), o escribirnos directamente a nuestro Instagram.Nosotros estaremos encantados de poder resolver tus dudas y asegurarnos de que tengas la mejor [&hellip;]<\/p>\n","protected":false},"author":1,"featured_media":0,"parent":0,"menu_order":0,"comment_status":"closed","ping_status":"closed","template":"","meta":{"_uag_custom_page_level_css":"","site-sidebar-layout":"no-sidebar","site-content-layout":"plain-container","ast-site-content-layout":"normal-width-container","site-content-style":"unboxed","site-sidebar-style":"unboxed","ast-global-header-display":"","ast-banner-title-visibility":"","ast-main-header-display":"","ast-hfb-above-header-display":"","ast-hfb-below-header-display":"","ast-hfb-mobile-header-display":"","site-post-title":"disabled","ast-breadcrumbs-content":"","ast-featured-img":"disabled","footer-sml-layout":"","theme-transparent-header-meta":"enabled","adv-header-id-meta":"","stick-header-meta":"","header-above-stick-meta":"","header-main-stick-meta":"","header-below-stick-meta":"","astra-migrate-meta-layouts":"set","ast-page-background-enabled":"default","ast-page-background-meta":{"desktop":{"background-color":"","background-image":"","background-repeat":"repeat","background-position":"center center","background-size":"auto","background-attachment":"scroll","background-type":"","background-media":"","overlay-type":"","overlay-color":"","overlay-opacity":"","overlay-gradient":""},"tablet":{"background-color":"","background-image":"","background-repeat":"repeat","background-position":"center center","background-size":"auto","background-attachment":"scroll","background-type":"","background-media":"","overlay-type":"","overlay-color":"","overlay-opacity":"","overlay-gradient":""},"mobile":{"background-color":"","background-image":"","background-repeat":"repeat","background-position":"center center","background-size":"auto","background-attachment":"scroll","background-type":"","background-media":"","overlay-type":"","overlay-color":"","overlay-opacity":"","overlay-gradient":""}},"ast-content-background-meta":{"desktop":{"background-color":"var(--ast-global-color-5)","background-image":"","background-repeat":"repeat","background-position":"center center","background-size":"auto","background-attachment":"scroll","background-type":"","background-media":"","overlay-type":"","overlay-color":"","overlay-opacity":"","overlay-gradient":""},"tablet":{"background-color":"var(--ast-global-color-5)","background-image":"","background-repeat":"repeat","background-position":"center center","background-size":"auto","background-attachment":"scroll","background-type":"","background-media":"","overlay-type":"","overlay-color":"","overlay-opacity":"","overlay-gradient":""},"mobile":{"background-color":"var(--ast-global-color-5)","background-image":"","background-repeat":"repeat","background-position":"center center","background-size":"auto","background-attachment":"scroll","background-type":"","background-media":"","overlay-type":"","overlay-color":"","overlay-opacity":"","overlay-gradient":""}},"footnotes":""},"class_list":["post-2371","page","type-page","status-publish","hentry"],"yoast_head":"<!-- This site is optimized with the Yoast SEO plugin v27.6 - https:\/\/yoast.com\/product\/yoast-seo-wordpress\/ -->\n<title>Contacto - Somos Dani &amp; Sofi<\/title>\n<meta name=\"robots\" content=\"index, follow, max-snippet:-1, max-image-preview:large, max-video-preview:-1\" \/>\n<link rel=\"canonical\" href=\"https:\/\/somosdaniysofi.com\/index.php\/contacto\/\" \/>\n<meta property=\"og:locale\" content=\"es_ES\" \/>\n<meta property=\"og:type\" content=\"article\" \/>\n<meta property=\"og:title\" content=\"Contacto - Somos Dani &amp; Sofi\" \/>\n<meta property=\"og:description\" content=\"CONTACTO \u00a1Hola! Somos Dani y Sofi. \ud83d\udc4b\ud83c\udffb No dudes en contactarnos para cualquier pregunta o duda que haya quedado en el aire sobre nuestros servicios. Puedes hacerlo a trav\u00e9s de nuestro formulario, correo electr\u00f3nico (somosdaniysofi@gmail.com), o escribirnos directamente a nuestro Instagram.Nosotros estaremos encantados de poder resolver tus dudas y asegurarnos de que tengas la mejor [&hellip;]\" \/>\n<meta property=\"og:url\" content=\"https:\/\/somosdaniysofi.com\/index.php\/contacto\/\" \/>\n<meta property=\"og:site_name\" content=\"Somos Dani &amp; Sofi\" \/>\n<meta property=\"article:modified_time\" content=\"2024-11-09T19:17:23+00:00\" \/>\n<meta property=\"og:image\" content=\"https:\/\/somosdaniysofi.com\/wp-content\/uploads\/2023\/08\/Lotus-Version-oscura.png\" \/>\n\t<meta property=\"og:image:width\" content=\"500\" \/>\n\t<meta property=\"og:image:height\" content=\"500\" \/>\n\t<meta property=\"og:image:type\" content=\"image\/png\" \/>\n<meta name=\"twitter:card\" content=\"summary_large_image\" \/>\n<meta name=\"twitter:label1\" content=\"Tiempo de lectura\" \/>\n\t<meta name=\"twitter:data1\" content=\"1 minuto\" \/>\n<script type=\"application\/ld+json\" class=\"yoast-schema-graph\">{\"@context\":\"https:\\\/\\\/schema.org\",\"@graph\":[{\"@type\":\"WebPage\",\"@id\":\"https:\\\/\\\/somosdaniysofi.com\\\/index.php\\\/contacto\\\/\",\"url\":\"https:\\\/\\\/somosdaniysofi.com\\\/index.php\\\/contacto\\\/\",\"name\":\"Contacto - Somos Dani &amp; Sofi\",\"isPartOf\":{\"@id\":\"https:\\\/\\\/somosdaniysofi.com\\\/#website\"},\"datePublished\":\"2023-03-16T21:38:52+00:00\",\"dateModified\":\"2024-11-09T19:17:23+00:00\",\"breadcrumb\":{\"@id\":\"https:\\\/\\\/somosdaniysofi.com\\\/index.php\\\/contacto\\\/#breadcrumb\"},\"inLanguage\":\"es\",\"potentialAction\":[{\"@type\":\"ReadAction\",\"target\":[\"https:\\\/\\\/somosdaniysofi.com\\\/index.php\\\/contacto\\\/\"]}]},{\"@type\":\"BreadcrumbList\",\"@id\":\"https:\\\/\\\/somosdaniysofi.com\\\/index.php\\\/contacto\\\/#breadcrumb\",\"itemListElement\":[{\"@type\":\"ListItem\",\"position\":1,\"name\":\"Portada\",\"item\":\"https:\\\/\\\/somosdaniysofi.com\\\/\"},{\"@type\":\"ListItem\",\"position\":2,\"name\":\"Contacto\"}]},{\"@type\":\"WebSite\",\"@id\":\"https:\\\/\\\/somosdaniysofi.com\\\/#website\",\"url\":\"https:\\\/\\\/somosdaniysofi.com\\\/\",\"name\":\"somosdaniysofi.com\",\"description\":\"Fotograf\u00eda y video en Madrid. Bodas, Bautizos, Premam\u00e1 y m\u00e1s\",\"publisher\":{\"@id\":\"https:\\\/\\\/somosdaniysofi.com\\\/#\\\/schema\\\/person\\\/16a4aabfcd6ecbfa99f355c8539930a2\"},\"potentialAction\":[{\"@type\":\"SearchAction\",\"target\":{\"@type\":\"EntryPoint\",\"urlTemplate\":\"https:\\\/\\\/somosdaniysofi.com\\\/?s={search_term_string}\"},\"query-input\":{\"@type\":\"PropertyValueSpecification\",\"valueRequired\":true,\"valueName\":\"search_term_string\"}}],\"inLanguage\":\"es\"},{\"@type\":[\"Person\",\"Organization\"],\"@id\":\"https:\\\/\\\/somosdaniysofi.com\\\/#\\\/schema\\\/person\\\/16a4aabfcd6ecbfa99f355c8539930a2\",\"name\":\"somosdaniysofi\",\"image\":{\"@type\":\"ImageObject\",\"inLanguage\":\"es\",\"@id\":\"https:\\\/\\\/somosdaniysofi.com\\\/wp-content\\\/uploads\\\/2023\\\/08\\\/El_elegido-removebg-preview.png\",\"url\":\"https:\\\/\\\/somosdaniysofi.com\\\/wp-content\\\/uploads\\\/2023\\\/08\\\/El_elegido-removebg-preview.png\",\"contentUrl\":\"https:\\\/\\\/somosdaniysofi.com\\\/wp-content\\\/uploads\\\/2023\\\/08\\\/El_elegido-removebg-preview.png\",\"width\":500,\"height\":500,\"caption\":\"somosdaniysofi\"},\"logo\":{\"@id\":\"https:\\\/\\\/somosdaniysofi.com\\\/wp-content\\\/uploads\\\/2023\\\/08\\\/El_elegido-removebg-preview.png\"},\"sameAs\":[\"https:\\\/\\\/somosdaniysofi.com\"]}]}<\/script>\n<!-- \/ Yoast SEO plugin. -->","yoast_head_json":{"title":"Contacto - Somos Dani &amp; Sofi","robots":{"index":"index","follow":"follow","max-snippet":"max-snippet:-1","max-image-preview":"max-image-preview:large","max-video-preview":"max-video-preview:-1"},"canonical":"https:\/\/somosdaniysofi.com\/index.php\/contacto\/","og_locale":"es_ES","og_type":"article","og_title":"Contacto - Somos Dani &amp; Sofi","og_description":"CONTACTO \u00a1Hola! Somos Dani y Sofi. \ud83d\udc4b\ud83c\udffb No dudes en contactarnos para cualquier pregunta o duda que haya quedado en el aire sobre nuestros servicios. Puedes hacerlo a trav\u00e9s de nuestro formulario, correo electr\u00f3nico (somosdaniysofi@gmail.com), o escribirnos directamente a nuestro Instagram.Nosotros estaremos encantados de poder resolver tus dudas y asegurarnos de que tengas la mejor [&hellip;]","og_url":"https:\/\/somosdaniysofi.com\/index.php\/contacto\/","og_site_name":"Somos Dani &amp; Sofi","article_modified_time":"2024-11-09T19:17:23+00:00","og_image":[{"width":500,"height":500,"url":"https:\/\/somosdaniysofi.com\/wp-content\/uploads\/2023\/08\/Lotus-Version-oscura.png","type":"image\/png"}],"twitter_card":"summary_large_image","twitter_misc":{"Tiempo de lectura":"1 minuto"},"schema":{"@context":"https:\/\/schema.org","@graph":[{"@type":"WebPage","@id":"https:\/\/somosdaniysofi.com\/index.php\/contacto\/","url":"https:\/\/somosdaniysofi.com\/index.php\/contacto\/","name":"Contacto - Somos Dani &amp; Sofi","isPartOf":{"@id":"https:\/\/somosdaniysofi.com\/#website"},"datePublished":"2023-03-16T21:38:52+00:00","dateModified":"2024-11-09T19:17:23+00:00","breadcrumb":{"@id":"https:\/\/somosdaniysofi.com\/index.php\/contacto\/#breadcrumb"},"inLanguage":"es","potentialAction":[{"@type":"ReadAction","target":["https:\/\/somosdaniysofi.com\/index.php\/contacto\/"]}]},{"@type":"BreadcrumbList","@id":"https:\/\/somosdaniysofi.com\/index.php\/contacto\/#breadcrumb","itemListElement":[{"@type":"ListItem","position":1,"name":"Portada","item":"https:\/\/somosdaniysofi.com\/"},{"@type":"ListItem","position":2,"name":"Contacto"}]},{"@type":"WebSite","@id":"https:\/\/somosdaniysofi.com\/#website","url":"https:\/\/somosdaniysofi.com\/","name":"somosdaniysofi.com","description":"Fotograf\u00eda y video en Madrid. Bodas, Bautizos, Premam\u00e1 y m\u00e1s","publisher":{"@id":"https:\/\/somosdaniysofi.com\/#\/schema\/person\/16a4aabfcd6ecbfa99f355c8539930a2"},"potentialAction":[{"@type":"SearchAction","target":{"@type":"EntryPoint","urlTemplate":"https:\/\/somosdaniysofi.com\/?s={search_term_string}"},"query-input":{"@type":"PropertyValueSpecification","valueRequired":true,"valueName":"search_term_string"}}],"inLanguage":"es"},{"@type":["Person","Organization"],"@id":"https:\/\/somosdaniysofi.com\/#\/schema\/person\/16a4aabfcd6ecbfa99f355c8539930a2","name":"somosdaniysofi","image":{"@type":"ImageObject","inLanguage":"es","@id":"https:\/\/somosdaniysofi.com\/wp-content\/uploads\/2023\/08\/El_elegido-removebg-preview.png","url":"https:\/\/somosdaniysofi.com\/wp-content\/uploads\/2023\/08\/El_elegido-removebg-preview.png","contentUrl":"https:\/\/somosdaniysofi.com\/wp-content\/uploads\/2023\/08\/El_elegido-removebg-preview.png","width":500,"height":500,"caption":"somosdaniysofi"},"logo":{"@id":"https:\/\/somosdaniysofi.com\/wp-content\/uploads\/2023\/08\/El_elegido-removebg-preview.png"},"sameAs":["https:\/\/somosdaniysofi.com"]}]}},"uagb_featured_image_src":{"full":false,"thumbnail":false,"medium":false,"medium_large":false,"large":false,"1536x1536":false,"2048x2048":false},"uagb_author_info":{"display_name":"somosdaniysofi","author_link":"https:\/\/somosdaniysofi.com\/index.php\/author\/somosdaniysofi\/"},"uagb_comment_info":0,"uagb_excerpt":"CONTACTO \u00a1Hola! Somos Dani y Sofi. \ud83d\udc4b\ud83c\udffb No dudes en contactarnos para cualquier pregunta o duda que haya quedado en el aire sobre nuestros servicios. Puedes hacerlo a trav\u00e9s de nuestro formulario, correo electr\u00f3nico (somosdaniysofi@gmail.com), o escribirnos directamente a nuestro Instagram.Nosotros estaremos encantados de poder resolver tus dudas y asegurarnos de que tengas la mejor&hellip;","_links":{"self":[{"href":"https:\/\/somosdaniysofi.com\/index.php\/wp-json\/wp\/v2\/pages\/2371","targetHints":{"allow":["GET"]}}],"collection":[{"href":"https:\/\/somosdaniysofi.com\/index.php\/wp-json\/wp\/v2\/pages"}],"about":[{"href":"https:\/\/somosdaniysofi.com\/index.php\/wp-json\/wp\/v2\/types\/page"}],"author":[{"embeddable":true,"href":"https:\/\/somosdaniysofi.com\/index.php\/wp-json\/wp\/v2\/users\/1"}],"replies":[{"embeddable":true,"href":"https:\/\/somosdaniysofi.com\/index.php\/wp-json\/wp\/v2\/comments?post=2371"}],"version-history":[{"count":46,"href":"https:\/\/somosdaniysofi.com\/index.php\/wp-json\/wp\/v2\/pages\/2371\/revisions"}],"predecessor-version":[{"id":4055,"href":"https:\/\/somosdaniysofi.com\/index.php\/wp-json\/wp\/v2\/pages\/2371\/revisions\/4055"}],"wp:attachment":[{"href":"https:\/\/somosdaniysofi.com\/index.php\/wp-json\/wp\/v2\/media?parent=2371"}],"curies":[{"name":"wp","href":"https:\/\/api.w.org\/{rel}","templated":true}]}}