{"id":6,"date":"2020-09-15T06:48:29","date_gmt":"2020-09-15T06:48:29","guid":{"rendered":"https:\/\/somosdaniysofi.com\/index.php\/about\/"},"modified":"2025-07-28T16:10:02","modified_gmt":"2025-07-28T16:10:02","slug":"nosotros","status":"publish","type":"page","link":"https:\/\/somosdaniysofi.com\/index.php\/nosotros\/","title":{"rendered":"Nosotros"},"content":{"rendered":"\n<div class=\"wp-block-uagb-container uagb-block-178f6b90 alignfull uagb-is-root-container\"><div class=\"uagb-container-inner-blocks-wrap\">\n<div class=\"wp-block-uagb-advanced-heading uagb-block-375819c2\"><h1 class=\"uagb-heading-text\">NOSOTROS<\/h1><\/div>\n<\/div><\/div>\n\n\n\n<div class=\"wp-block-uagb-container uagb-block-3fa48aee alignfull uagb-is-root-container\"><div class=\"uagb-container-inner-blocks-wrap\">\n<div class=\"wp-block-uagb-container uagb-block-646682f4\">\n<div class=\"wp-block-uagb-info-box uagb-block-20e97aec uagb-infobox__content-wrap  uagb-infobox-icon-above-title uagb-infobox-image-valign-top\"><div class=\"uagb-ifb-content\"><div class=\"uagb-ifb-title-wrap\"><h2 class=\"uagb-ifb-title\">\u00a1HOLA!<\/h2><\/div><p class=\"uagb-ifb-desc\">Somos Dani y Sofi, una pareja unida tanto en la vida como en el trabajo.<br><br>Juntos, hemos creado nuestro proyecto de vida, especializado en capturar los momentos m\u00e1s especiales de la tuya.<br><br>Creemos que cada momento es \u00fanico y es por eso que nos esforzamos por conocer a cada uno de nuestros clientes y comprender sus necesidades y deseos para poder crear un trabajo que refleje su<br>personalidad y estilo.<br><br>Como pareja, entendemos la importancia de los detalles y la emoci\u00f3n en cada instante, lo que nos permite ofrecer un servicio de fotograf\u00eda y video c\u00e1lido y personalizado.<br><br>Nuestra experiencia y conexi\u00f3n nos permite crear un ambiente c\u00f3modo y natural para nuestros clientes, adem\u00e1s de un servicio completo que va desde la planificaci\u00f3n hasta la edici\u00f3n y entrega final del trabajo, para que puedas disfrutar de una experiencia relajada y sin estr\u00e9s. Te acompa\u00f1amos en cada paso del camino para que puedas vivir tu evento o momento familiar sin preocupaciones, solo disfrutando y dejando que capturemos esos recuerdos inolvidables.<br><br>Si est\u00e1s buscando una pareja de profesionales que te ayuden a capturar los momentos m\u00e1s especiales de tu evento o de tu familia, no dudes en ponerte en contacto con nosotros.<br><br>\u00a1Estamos deseando ayudarte a contar tu historia!<\/p><\/div><\/div>\n<\/div>\n\n\n\n<div class=\"wp-block-uagb-container uagb-block-b2b8f5c2\">\n<div class=\"wp-block-uagb-image aligncenter uagb-block-bc473213 wp-block-uagb-image--layout-default wp-block-uagb-image--effect-static wp-block-uagb-image--align-center\"><figure class=\"wp-block-uagb-image__figure\"><img decoding=\"async\" srcset=\"https:\/\/somosdaniysofi.com\/wp-content\/uploads\/2025\/07\/Dani-Sofi-4-683x1024.jpg ,https:\/\/somosdaniysofi.com\/wp-content\/uploads\/2025\/07\/Dani-Sofi-4-scaled.jpg 780w, https:\/\/somosdaniysofi.com\/wp-content\/uploads\/2025\/07\/Dani-Sofi-4-scaled.jpg 360w\" sizes=\"auto, (max-width: 480px) 150px\" src=\"https:\/\/somosdaniysofi.com\/wp-content\/uploads\/2025\/07\/Dani-Sofi-4-683x1024.jpg\" alt=\"\" class=\"uag-image-4272\" width=\"450\" height=\"674\" title=\"Dani &amp; Sofi-4\" loading=\"lazy\" role=\"img\"\/><\/figure><\/div>\n<\/div>\n<\/div><\/div>\n\n\n\n<div class=\"wp-block-uagb-container uagb-block-44568cce alignfull uagb-is-root-container\"><div class=\"uagb-container-inner-blocks-wrap\">\n<div class=\"wp-block-uagb-advanced-heading uagb-block-b8b4bb0d\"><p class=\"uagb-heading-text\">Nuestra historia<\/p><\/div>\n\n\n\n<div class=\"wp-block-columns is-layout-flex wp-container-core-columns-is-layout-28f84493 wp-block-columns-is-layout-flex\">\n<div class=\"wp-block-column is-layout-flow wp-block-column-is-layout-flow\">\n<div class=\"wp-block-uagb-advanced-heading uagb-block-34730795\"><p class=\"uagb-heading-text\">\u00a1HOLA! SOY SOF\u00cdA<\/p><div class=\"uagb-separator\"><\/div><\/div>\n\n\n\n<div class=\"wp-block-uagb-image uagb-block-d9bee6dd wp-block-uagb-image--layout-default wp-block-uagb-image--effect-static wp-block-uagb-image--align-none\"><figure class=\"wp-block-uagb-image__figure\"><img decoding=\"async\" srcset=\"https:\/\/somosdaniysofi.com\/wp-content\/uploads\/2023\/04\/FOTO_SOFI_4_3-removebg-preview-1.png , https:\/\/somosdaniysofi.com\/wp-content\/uploads\/2023\/04\/FOTO_SOFI_4_3-removebg-preview-1.png 360w\" sizes=\"auto, (max-width: 480px) 150px\" src=\"https:\/\/somosdaniysofi.com\/wp-content\/uploads\/2023\/04\/FOTO_SOFI_4_3-removebg-preview-1.png\" alt=\"\" class=\"uag-image-3311\" width=\"577\" height=\"432\" title=\"\" loading=\"lazy\" role=\"img\"\/><\/figure><\/div>\n\n\n\n<div class=\"wp-block-uagb-advanced-heading uagb-block-fd225ab4\"><p class=\"uagb-heading-text\">Con m\u00e1s de 3 a\u00f1os de experiencia en el sector, soy graduada en Iluminaci\u00f3n, captaci\u00f3n y tratamiento de la imagen. <br>Adem\u00e1s&nbsp;tambi\u00e9n me form\u00e9 en danza en el Real Conservatorio Profesional Mariemma, por lo que entiendo a la perfecci\u00f3n lo que significa el mimo y el detalle. <br><br>Mi pasi\u00f3n por la captura de momentos \u00fanicos y especiales es lo que me llev\u00f3 a dedicarme a la fotograf\u00eda. Siempre busco que las personas&nbsp;se sientan c\u00f3modas y relajadas para poder capturar sus mejores instantes y lograr que su esencia quede plasmada en cada imagen.<br><br>Durante los \u00faltimos a\u00f1os, he trabajado en un estudio fotogr\u00e1fico infantil y familiar, adem\u00e1s de formar parte del departamento audiovisual&nbsp;de una Startup tecnol\u00f3gica. Todo esto me ha permitido adquirir habilidades y conocimientos en el manejo de herramientas digitales y plataformas web para crear contenido de calidad y relevante.<br><br>Junto con mi pareja Dani, apasionado de la composici\u00f3n visual, formamos un equipo perfecto para crear proyectos que combinen la imagen y el arte. Siempre estamos en constante aprendizaje para ofrecer lo mejor de nosotros.<\/p><\/div>\n\n\n\n<div class=\"wp-block-uagb-image uagb-block-0b080550 wp-block-uagb-image--layout-default wp-block-uagb-image--effect-static wp-block-uagb-image--align-none\"><figure class=\"wp-block-uagb-image__figure\"><img decoding=\"async\" srcset=\"https:\/\/somosdaniysofi.com\/wp-content\/uploads\/2023\/03\/undraw_Camera_re_cnp4-1024x691.png ,https:\/\/somosdaniysofi.com\/wp-content\/uploads\/2023\/03\/undraw_Camera_re_cnp4.png 780w, https:\/\/somosdaniysofi.com\/wp-content\/uploads\/2023\/03\/undraw_Camera_re_cnp4.png 360w\" sizes=\"auto, (max-width: 480px) 150px\" src=\"https:\/\/somosdaniysofi.com\/wp-content\/uploads\/2023\/03\/undraw_Camera_re_cnp4-1024x691.png\" alt=\"\" class=\"uag-image-2180\" width=\"237\" height=\"132\" title=\"undraw_Camera_re_cnp4\" loading=\"lazy\" role=\"img\"\/><\/figure><\/div>\n<\/div>\n\n\n\n<div class=\"wp-block-column is-layout-flow wp-block-column-is-layout-flow\">\n<div class=\"wp-block-uagb-advanced-heading uagb-block-0095bb6c\"><p class=\"uagb-heading-text\">\u00a1HOLA! SOY DANI<\/p><div class=\"uagb-separator\"><\/div><\/div>\n\n\n\n<div class=\"wp-block-uagb-image uagb-block-09c9a10a wp-block-uagb-image--layout-default wp-block-uagb-image--effect-static wp-block-uagb-image--align-none\"><figure class=\"wp-block-uagb-image__figure\"><img decoding=\"async\" srcset=\"https:\/\/somosdaniysofi.com\/wp-content\/uploads\/2023\/04\/FOTO_DANI-removebg-preview-1.png ,https:\/\/somosdaniysofi.com\/wp-content\/uploads\/2023\/04\/FOTO_DANI-removebg-preview-1.png 780w, https:\/\/somosdaniysofi.com\/wp-content\/uploads\/2023\/04\/FOTO_DANI-removebg-preview-1.png 360w\" sizes=\"auto, (max-width: 480px) 150px\" src=\"https:\/\/somosdaniysofi.com\/wp-content\/uploads\/2023\/04\/FOTO_DANI-removebg-preview-1.png\" alt=\"\" class=\"uag-image-3312\" width=\"577\" height=\"432\" title=\"FOTO_DANI-removebg-preview (1)\" loading=\"lazy\" role=\"img\"\/><\/figure><\/div>\n\n\n\n<div class=\"wp-block-uagb-advanced-heading uagb-block-3020b05a\"><p class=\"uagb-heading-text\">Y junto a Sof\u00eda, tambi\u00e9n me gradu\u00e9 en captaci\u00f3n y tratamiento de la imagen.&nbsp;<br>A lo largo de los \u00faltimos a\u00f1os&nbsp;he trabajado en el sector audiovisual, m\u00e1s concretamente&nbsp;orientado al mundo de la fotograf\u00eda y el audio.&nbsp;Pese a ello, siempre he sentido que ten\u00eda cierto talento en contar historias a trav\u00e9s del&nbsp;v\u00eddeo, el&nbsp;cual considero una de mis grandes virtudes y pasiones.<br><br>Desde hace m\u00e1s de tres a\u00f1os&nbsp;he dedicado mi vida a este sector, a lo que finalmente decid\u00ed especializarme en&nbsp;la edici\u00f3n de&nbsp;v\u00eddeo y el Filmmaking. <br><br>Me encanta experimentar con nuevas t\u00e9cnicas y enfoques para lograr los mejores resultados posibles, y siempre estoy buscando nuevas formas de contar historias y hacer que mi montaje conecte directamente con las emociones.<br><br>En mis ratos libres, me encanta salir a la calle a despejarme&nbsp;con mi c\u00e1mara y capturar la esencia de la ciudad, siempre en busca de nuevas inspiraciones y perspectivas. <br><br>Me apasiona lo que hago, y estoy comprometido en llevar mis proyectos al siguiente nivel.<\/p><\/div>\n\n\n\n<div class=\"wp-block-uagb-image uagb-block-1281501c wp-block-uagb-image--layout-default wp-block-uagb-image--effect-static wp-block-uagb-image--align-none\"><figure class=\"wp-block-uagb-image__figure\"><img decoding=\"async\" srcset=\"https:\/\/somosdaniysofi.com\/wp-content\/uploads\/2023\/03\/undraw_video_files_fu10-1024x629.png ,https:\/\/somosdaniysofi.com\/wp-content\/uploads\/2023\/03\/undraw_video_files_fu10.png 780w, https:\/\/somosdaniysofi.com\/wp-content\/uploads\/2023\/03\/undraw_video_files_fu10.png 360w\" sizes=\"auto, (max-width: 480px) 150px\" src=\"https:\/\/somosdaniysofi.com\/wp-content\/uploads\/2023\/03\/undraw_video_files_fu10-1024x629.png\" alt=\"\" class=\"uag-image-2191\" width=\"250\" height=\"104\" title=\"undraw_video_files_fu10\" loading=\"lazy\" role=\"img\"\/><\/figure><\/div>\n<\/div>\n<\/div>\n\n\n\n<div class=\"wp-block-uagb-buttons uagb-buttons__outer-wrap uagb-btn__default-btn uagb-btn-tablet__default-btn uagb-btn-mobile__default-btn uagb-block-6a3499ae\"><div class=\"uagb-buttons__wrap uagb-buttons-layout-wrap \">\n<div class=\"wp-block-uagb-buttons-child uagb-buttons__outer-wrap uagb-block-020e66d4 wp-block-button\"><div class=\"uagb-button__wrapper\"><a class=\"uagb-buttons-repeater wp-block-button__link\" aria-label=\"\" href=\"https:\/\/somosdaniysofi.com\/index.php\/contacto\/\" rel=\"follow noopener\" target=\"_self\" role=\"button\"><div class=\"uagb-button__link\">CONT\u00c1CTANOS<\/div><\/a><\/div><\/div>\n<\/div><\/div>\n\n\n\n<div style=\"height:100px\" aria-hidden=\"true\" class=\"wp-block-spacer\"><\/div>\n<\/div><\/div>\n","protected":false},"excerpt":{"rendered":"<p>NOSOTROS Nuestra historia \u00a1HOLA! SOY SOF\u00cdA Con m\u00e1s de 3 a\u00f1os de experiencia en el sector, soy graduada en Iluminaci\u00f3n, captaci\u00f3n y tratamiento de la imagen. Adem\u00e1s&nbsp;tambi\u00e9n me form\u00e9 en danza en el Real Conservatorio Profesional Mariemma, por lo que entiendo a la perfecci\u00f3n lo que significa el mimo y el detalle. Mi pasi\u00f3n por [&hellip;]<\/p>\n","protected":false},"author":1,"featured_media":0,"parent":0,"menu_order":0,"comment_status":"closed","ping_status":"closed","template":"","meta":{"_uag_custom_page_level_css":"","site-sidebar-layout":"no-sidebar","site-content-layout":"plain-container","ast-site-content-layout":"normal-width-container","site-content-style":"unboxed","site-sidebar-style":"unboxed","ast-global-header-display":"","ast-banner-title-visibility":"","ast-main-header-display":"","ast-hfb-above-header-display":"","ast-hfb-below-header-display":"","ast-hfb-mobile-header-display":"","site-post-title":"disabled","ast-breadcrumbs-content":"","ast-featured-img":"disabled","footer-sml-layout":"","theme-transparent-header-meta":"enabled","adv-header-id-meta":"","stick-header-meta":"","header-above-stick-meta":"","header-main-stick-meta":"","header-below-stick-meta":"","astra-migrate-meta-layouts":"set","ast-page-background-enabled":"default","ast-page-background-meta":{"desktop":{"background-color":"","background-image":"","background-repeat":"repeat","background-position":"center center","background-size":"auto","background-attachment":"scroll","background-type":"","background-media":"","overlay-type":"","overlay-color":"","overlay-opacity":"","overlay-gradient":""},"tablet":{"background-color":"","background-image":"","background-repeat":"repeat","background-position":"center center","background-size":"auto","background-attachment":"scroll","background-type":"","background-media":"","overlay-type":"","overlay-color":"","overlay-opacity":"","overlay-gradient":""},"mobile":{"background-color":"","background-image":"","background-repeat":"repeat","background-position":"center center","background-size":"auto","background-attachment":"scroll","background-type":"","background-media":"","overlay-type":"","overlay-color":"","overlay-opacity":"","overlay-gradient":""}},"ast-content-background-meta":{"desktop":{"background-color":"var(--ast-global-color-5)","background-image":"","background-repeat":"repeat","background-position":"center center","background-size":"auto","background-attachment":"scroll","background-type":"","background-media":"","overlay-type":"","overlay-color":"","overlay-opacity":"","overlay-gradient":""},"tablet":{"background-color":"var(--ast-global-color-5)","background-image":"","background-repeat":"repeat","background-position":"center center","background-size":"auto","background-attachment":"scroll","background-type":"","background-media":"","overlay-type":"","overlay-color":"","overlay-opacity":"","overlay-gradient":""},"mobile":{"background-color":"var(--ast-global-color-5)","background-image":"","background-repeat":"repeat","background-position":"center center","background-size":"auto","background-attachment":"scroll","background-type":"","background-media":"","overlay-type":"","overlay-color":"","overlay-opacity":"","overlay-gradient":""}},"footnotes":""},"class_list":["post-6","page","type-page","status-publish","hentry"],"yoast_head":"<!-- This site is optimized with the Yoast SEO plugin v27.6 - https:\/\/yoast.com\/product\/yoast-seo-wordpress\/ -->\n<title>Nosotros - Somos Dani &amp; Sofi<\/title>\n<meta name=\"robots\" content=\"index, follow, max-snippet:-1, max-image-preview:large, max-video-preview:-1\" \/>\n<link rel=\"canonical\" href=\"https:\/\/somosdaniysofi.com\/index.php\/nosotros\/\" \/>\n<meta property=\"og:locale\" content=\"es_ES\" \/>\n<meta property=\"og:type\" content=\"article\" \/>\n<meta property=\"og:title\" content=\"Nosotros - Somos Dani &amp; Sofi\" \/>\n<meta property=\"og:description\" content=\"NOSOTROS Nuestra historia \u00a1HOLA! SOY SOF\u00cdA Con m\u00e1s de 3 a\u00f1os de experiencia en el sector, soy graduada en Iluminaci\u00f3n, captaci\u00f3n y tratamiento de la imagen. Adem\u00e1s&nbsp;tambi\u00e9n me form\u00e9 en danza en el Real Conservatorio Profesional Mariemma, por lo que entiendo a la perfecci\u00f3n lo que significa el mimo y el detalle. Mi pasi\u00f3n por [&hellip;]\" \/>\n<meta property=\"og:url\" content=\"https:\/\/somosdaniysofi.com\/index.php\/nosotros\/\" \/>\n<meta property=\"og:site_name\" content=\"Somos Dani &amp; Sofi\" \/>\n<meta property=\"article:modified_time\" content=\"2025-07-28T16:10:02+00:00\" \/>\n<meta property=\"og:image\" content=\"https:\/\/somosdaniysofi.com\/wp-content\/uploads\/2025\/07\/Dani-Sofi-4-683x1024.jpg\" \/>\n<meta name=\"twitter:card\" content=\"summary_large_image\" \/>\n<meta name=\"twitter:label1\" content=\"Tiempo de lectura\" \/>\n\t<meta name=\"twitter:data1\" content=\"4 minutos\" \/>\n<script type=\"application\/ld+json\" class=\"yoast-schema-graph\">{\"@context\":\"https:\\\/\\\/schema.org\",\"@graph\":[{\"@type\":\"WebPage\",\"@id\":\"https:\\\/\\\/somosdaniysofi.com\\\/index.php\\\/nosotros\\\/\",\"url\":\"https:\\\/\\\/somosdaniysofi.com\\\/index.php\\\/nosotros\\\/\",\"name\":\"Nosotros - Somos Dani &amp; Sofi\",\"isPartOf\":{\"@id\":\"https:\\\/\\\/somosdaniysofi.com\\\/#website\"},\"primaryImageOfPage\":{\"@id\":\"https:\\\/\\\/somosdaniysofi.com\\\/index.php\\\/nosotros\\\/#primaryimage\"},\"image\":{\"@id\":\"https:\\\/\\\/somosdaniysofi.com\\\/index.php\\\/nosotros\\\/#primaryimage\"},\"thumbnailUrl\":\"https:\\\/\\\/somosdaniysofi.com\\\/wp-content\\\/uploads\\\/2025\\\/07\\\/Dani-Sofi-4-683x1024.jpg\",\"datePublished\":\"2020-09-15T06:48:29+00:00\",\"dateModified\":\"2025-07-28T16:10:02+00:00\",\"breadcrumb\":{\"@id\":\"https:\\\/\\\/somosdaniysofi.com\\\/index.php\\\/nosotros\\\/#breadcrumb\"},\"inLanguage\":\"es\",\"potentialAction\":[{\"@type\":\"ReadAction\",\"target\":[\"https:\\\/\\\/somosdaniysofi.com\\\/index.php\\\/nosotros\\\/\"]}]},{\"@type\":\"ImageObject\",\"inLanguage\":\"es\",\"@id\":\"https:\\\/\\\/somosdaniysofi.com\\\/index.php\\\/nosotros\\\/#primaryimage\",\"url\":\"https:\\\/\\\/somosdaniysofi.com\\\/wp-content\\\/uploads\\\/2025\\\/07\\\/Dani-Sofi-4-scaled.jpg\",\"contentUrl\":\"https:\\\/\\\/somosdaniysofi.com\\\/wp-content\\\/uploads\\\/2025\\\/07\\\/Dani-Sofi-4-scaled.jpg\",\"width\":1707,\"height\":2560},{\"@type\":\"BreadcrumbList\",\"@id\":\"https:\\\/\\\/somosdaniysofi.com\\\/index.php\\\/nosotros\\\/#breadcrumb\",\"itemListElement\":[{\"@type\":\"ListItem\",\"position\":1,\"name\":\"Portada\",\"item\":\"https:\\\/\\\/somosdaniysofi.com\\\/\"},{\"@type\":\"ListItem\",\"position\":2,\"name\":\"Nosotros\"}]},{\"@type\":\"WebSite\",\"@id\":\"https:\\\/\\\/somosdaniysofi.com\\\/#website\",\"url\":\"https:\\\/\\\/somosdaniysofi.com\\\/\",\"name\":\"somosdaniysofi.com\",\"description\":\"Fotograf\u00eda y video en Madrid. Bodas, Bautizos, Premam\u00e1 y m\u00e1s\",\"publisher\":{\"@id\":\"https:\\\/\\\/somosdaniysofi.com\\\/#\\\/schema\\\/person\\\/16a4aabfcd6ecbfa99f355c8539930a2\"},\"potentialAction\":[{\"@type\":\"SearchAction\",\"target\":{\"@type\":\"EntryPoint\",\"urlTemplate\":\"https:\\\/\\\/somosdaniysofi.com\\\/?s={search_term_string}\"},\"query-input\":{\"@type\":\"PropertyValueSpecification\",\"valueRequired\":true,\"valueName\":\"search_term_string\"}}],\"inLanguage\":\"es\"},{\"@type\":[\"Person\",\"Organization\"],\"@id\":\"https:\\\/\\\/somosdaniysofi.com\\\/#\\\/schema\\\/person\\\/16a4aabfcd6ecbfa99f355c8539930a2\",\"name\":\"somosdaniysofi\",\"image\":{\"@type\":\"ImageObject\",\"inLanguage\":\"es\",\"@id\":\"https:\\\/\\\/somosdaniysofi.com\\\/wp-content\\\/uploads\\\/2023\\\/08\\\/El_elegido-removebg-preview.png\",\"url\":\"https:\\\/\\\/somosdaniysofi.com\\\/wp-content\\\/uploads\\\/2023\\\/08\\\/El_elegido-removebg-preview.png\",\"contentUrl\":\"https:\\\/\\\/somosdaniysofi.com\\\/wp-content\\\/uploads\\\/2023\\\/08\\\/El_elegido-removebg-preview.png\",\"width\":500,\"height\":500,\"caption\":\"somosdaniysofi\"},\"logo\":{\"@id\":\"https:\\\/\\\/somosdaniysofi.com\\\/wp-content\\\/uploads\\\/2023\\\/08\\\/El_elegido-removebg-preview.png\"},\"sameAs\":[\"https:\\\/\\\/somosdaniysofi.com\"]}]}<\/script>\n<!-- \/ Yoast SEO plugin. -->","yoast_head_json":{"title":"Nosotros - Somos Dani &amp; Sofi","robots":{"index":"index","follow":"follow","max-snippet":"max-snippet:-1","max-image-preview":"max-image-preview:large","max-video-preview":"max-video-preview:-1"},"canonical":"https:\/\/somosdaniysofi.com\/index.php\/nosotros\/","og_locale":"es_ES","og_type":"article","og_title":"Nosotros - Somos Dani &amp; Sofi","og_description":"NOSOTROS Nuestra historia \u00a1HOLA! SOY SOF\u00cdA Con m\u00e1s de 3 a\u00f1os de experiencia en el sector, soy graduada en Iluminaci\u00f3n, captaci\u00f3n y tratamiento de la imagen. Adem\u00e1s&nbsp;tambi\u00e9n me form\u00e9 en danza en el Real Conservatorio Profesional Mariemma, por lo que entiendo a la perfecci\u00f3n lo que significa el mimo y el detalle. Mi pasi\u00f3n por [&hellip;]","og_url":"https:\/\/somosdaniysofi.com\/index.php\/nosotros\/","og_site_name":"Somos Dani &amp; Sofi","article_modified_time":"2025-07-28T16:10:02+00:00","og_image":[{"url":"https:\/\/somosdaniysofi.com\/wp-content\/uploads\/2025\/07\/Dani-Sofi-4-683x1024.jpg","type":"","width":"","height":""}],"twitter_card":"summary_large_image","twitter_misc":{"Tiempo de lectura":"4 minutos"},"schema":{"@context":"https:\/\/schema.org","@graph":[{"@type":"WebPage","@id":"https:\/\/somosdaniysofi.com\/index.php\/nosotros\/","url":"https:\/\/somosdaniysofi.com\/index.php\/nosotros\/","name":"Nosotros - Somos Dani &amp; Sofi","isPartOf":{"@id":"https:\/\/somosdaniysofi.com\/#website"},"primaryImageOfPage":{"@id":"https:\/\/somosdaniysofi.com\/index.php\/nosotros\/#primaryimage"},"image":{"@id":"https:\/\/somosdaniysofi.com\/index.php\/nosotros\/#primaryimage"},"thumbnailUrl":"https:\/\/somosdaniysofi.com\/wp-content\/uploads\/2025\/07\/Dani-Sofi-4-683x1024.jpg","datePublished":"2020-09-15T06:48:29+00:00","dateModified":"2025-07-28T16:10:02+00:00","breadcrumb":{"@id":"https:\/\/somosdaniysofi.com\/index.php\/nosotros\/#breadcrumb"},"inLanguage":"es","potentialAction":[{"@type":"ReadAction","target":["https:\/\/somosdaniysofi.com\/index.php\/nosotros\/"]}]},{"@type":"ImageObject","inLanguage":"es","@id":"https:\/\/somosdaniysofi.com\/index.php\/nosotros\/#primaryimage","url":"https:\/\/somosdaniysofi.com\/wp-content\/uploads\/2025\/07\/Dani-Sofi-4-scaled.jpg","contentUrl":"https:\/\/somosdaniysofi.com\/wp-content\/uploads\/2025\/07\/Dani-Sofi-4-scaled.jpg","width":1707,"height":2560},{"@type":"BreadcrumbList","@id":"https:\/\/somosdaniysofi.com\/index.php\/nosotros\/#breadcrumb","itemListElement":[{"@type":"ListItem","position":1,"name":"Portada","item":"https:\/\/somosdaniysofi.com\/"},{"@type":"ListItem","position":2,"name":"Nosotros"}]},{"@type":"WebSite","@id":"https:\/\/somosdaniysofi.com\/#website","url":"https:\/\/somosdaniysofi.com\/","name":"somosdaniysofi.com","description":"Fotograf\u00eda y video en Madrid. Bodas, Bautizos, Premam\u00e1 y m\u00e1s","publisher":{"@id":"https:\/\/somosdaniysofi.com\/#\/schema\/person\/16a4aabfcd6ecbfa99f355c8539930a2"},"potentialAction":[{"@type":"SearchAction","target":{"@type":"EntryPoint","urlTemplate":"https:\/\/somosdaniysofi.com\/?s={search_term_string}"},"query-input":{"@type":"PropertyValueSpecification","valueRequired":true,"valueName":"search_term_string"}}],"inLanguage":"es"},{"@type":["Person","Organization"],"@id":"https:\/\/somosdaniysofi.com\/#\/schema\/person\/16a4aabfcd6ecbfa99f355c8539930a2","name":"somosdaniysofi","image":{"@type":"ImageObject","inLanguage":"es","@id":"https:\/\/somosdaniysofi.com\/wp-content\/uploads\/2023\/08\/El_elegido-removebg-preview.png","url":"https:\/\/somosdaniysofi.com\/wp-content\/uploads\/2023\/08\/El_elegido-removebg-preview.png","contentUrl":"https:\/\/somosdaniysofi.com\/wp-content\/uploads\/2023\/08\/El_elegido-removebg-preview.png","width":500,"height":500,"caption":"somosdaniysofi"},"logo":{"@id":"https:\/\/somosdaniysofi.com\/wp-content\/uploads\/2023\/08\/El_elegido-removebg-preview.png"},"sameAs":["https:\/\/somosdaniysofi.com"]}]}},"uagb_featured_image_src":{"full":false,"thumbnail":false,"medium":false,"medium_large":false,"large":false,"1536x1536":false,"2048x2048":false},"uagb_author_info":{"display_name":"somosdaniysofi","author_link":"https:\/\/somosdaniysofi.com\/index.php\/author\/somosdaniysofi\/"},"uagb_comment_info":0,"uagb_excerpt":"NOSOTROS Nuestra historia \u00a1HOLA! SOY SOF\u00cdA Con m\u00e1s de 3 a\u00f1os de experiencia en el sector, soy graduada en Iluminaci\u00f3n, captaci\u00f3n y tratamiento de la imagen. Adem\u00e1s&nbsp;tambi\u00e9n me form\u00e9 en danza en el Real Conservatorio Profesional Mariemma, por lo que entiendo a la perfecci\u00f3n lo que significa el mimo y el detalle. Mi pasi\u00f3n por&hellip;","_links":{"self":[{"href":"https:\/\/somosdaniysofi.com\/index.php\/wp-json\/wp\/v2\/pages\/6","targetHints":{"allow":["GET"]}}],"collection":[{"href":"https:\/\/somosdaniysofi.com\/index.php\/wp-json\/wp\/v2\/pages"}],"about":[{"href":"https:\/\/somosdaniysofi.com\/index.php\/wp-json\/wp\/v2\/types\/page"}],"author":[{"embeddable":true,"href":"https:\/\/somosdaniysofi.com\/index.php\/wp-json\/wp\/v2\/users\/1"}],"replies":[{"embeddable":true,"href":"https:\/\/somosdaniysofi.com\/index.php\/wp-json\/wp\/v2\/comments?post=6"}],"version-history":[{"count":86,"href":"https:\/\/somosdaniysofi.com\/index.php\/wp-json\/wp\/v2\/pages\/6\/revisions"}],"predecessor-version":[{"id":4289,"href":"https:\/\/somosdaniysofi.com\/index.php\/wp-json\/wp\/v2\/pages\/6\/revisions\/4289"}],"wp:attachment":[{"href":"https:\/\/somosdaniysofi.com\/index.php\/wp-json\/wp\/v2\/media?parent=6"}],"curies":[{"name":"wp","href":"https:\/\/api.w.org\/{rel}","templated":true}]}}